{"id":2691,"date":"2025-05-06T13:07:12","date_gmt":"2025-05-06T13:07:12","guid":{"rendered":"https:\/\/kitignacioescartin.premm.es\/?page_id=2691"},"modified":"2025-06-17T08:50:16","modified_gmt":"2025-06-17T08:50:16","slug":"blog","status":"publish","type":"page","link":"https:\/\/nachoescartin.es\/an\/blog\/","title":{"rendered":"Blog"},"content":{"rendered":"<div data-elementor-type=\"wp-post\" data-elementor-id=\"2691\" class=\"elementor elementor-2691\">\n\t\t\t\t<div class=\"elementor-element elementor-element-b1824c2 e-flex e-con-boxed e-con e-parent\" data-id=\"b1824c2\" data-element_type=\"container\" data-e-type=\"container\" data-settings=\"{&quot;background_background&quot;:&quot;classic&quot;}\">\n\t\t\t\t\t<div class=\"e-con-inner\">\n\t\t<div class=\"elementor-element elementor-element-9f84607 e-con-full e-flex e-con e-child\" data-id=\"9f84607\" data-element_type=\"container\" data-e-type=\"container\">\n\t\t\t\t<div class=\"elementor-element elementor-element-b18f213 elementor-invisible elementor-widget elementor-widget-heading\" data-id=\"b18f213\" data-element_type=\"widget\" data-e-type=\"widget\" data-settings=\"{&quot;_animation&quot;:&quot;fadeIn&quot;,&quot;_animation_delay&quot;:100}\" data-widget_type=\"heading.default\">\n\t\t\t\t<div class=\"elementor-widget-container\">\n\t\t\t\t\t<h5 class=\"elementor-heading-title elementor-size-default\">El blog de Nacho Escart\u00edn<\/h5>\t\t\t\t<\/div>\n\t\t\t\t<\/div>\n\t\t\t\t<div class=\"elementor-element elementor-element-6f7a628 elementor-invisible elementor-widget elementor-widget-heading\" data-id=\"6f7a628\" data-element_type=\"widget\" data-e-type=\"widget\" data-settings=\"{&quot;_animation&quot;:&quot;fadeIn&quot;}\" data-widget_type=\"heading.default\">\n\t\t\t\t<div class=\"elementor-widget-container\">\n\t\t\t\t\t<h1 class=\"elementor-heading-title elementor-size-default\">Hablando de t\u00fa a t\u00fa<\/h1>\t\t\t\t<\/div>\n\t\t\t\t<\/div>\n\t\t\t\t<div class=\"elementor-element elementor-element-5f35390 elementor-invisible elementor-widget elementor-widget-text-editor\" data-id=\"5f35390\" data-element_type=\"widget\" data-e-type=\"widget\" data-settings=\"{&quot;_animation&quot;:&quot;fadeIn&quot;,&quot;_animation_delay&quot;:200}\" data-widget_type=\"text-editor.default\">\n\t\t\t\t<div class=\"elementor-widget-container\">\n\t\t\t\t\t\t\t\t\t<p class=\"\" data-start=\"58\" data-end=\"275\">Reflexiones y propuestas<\/p>\t\t\t\t\t\t\t\t<\/div>\n\t\t\t\t<\/div>\n\t\t\t\t<div class=\"elementor-element elementor-element-bedd00f elementor-invisible elementor-widget elementor-widget-button\" data-id=\"bedd00f\" data-element_type=\"widget\" data-e-type=\"widget\" data-settings=\"{&quot;_animation&quot;:&quot;fadeIn&quot;,&quot;_animation_delay&quot;:300}\" data-widget_type=\"button.default\">\n\t\t\t\t<div class=\"elementor-widget-container\">\n\t\t\t\t\t\t\t\t\t<div class=\"elementor-button-wrapper\">\n\t\t\t\t\t<a class=\"elementor-button elementor-button-link elementor-size-sm\" href=\"\/an\/sobre-mi\/\">\n\t\t\t\t\t\t<span class=\"elementor-button-content-wrapper\">\n\t\t\t\t\t\t<span class=\"elementor-button-icon\">\n\t\t\t\t<i aria-hidden=\"true\" class=\"remixicon ri-chat-4-fill\"><\/i>\t\t\t<\/span>\n\t\t\t\t\t\t\t\t\t<span class=\"elementor-button-text\">Sobre yo<\/span>\n\t\t\t\t\t<\/span>\n\t\t\t\t\t<\/a>\n\t\t\t\t<\/div>\n\t\t\t\t\t\t\t\t<\/div>\n\t\t\t\t<\/div>\n\t\t\t\t<\/div>\n\t\t\t\t\t<\/div>\n\t\t\t\t<\/div>\n\t\t<div class=\"elementor-element elementor-element-a6b97bf e-flex e-con-boxed e-con e-parent\" data-id=\"a6b97bf\" data-element_type=\"container\" data-e-type=\"container\">\n\t\t\t\t\t<div class=\"e-con-inner\">\n\t\t<div class=\"elementor-element elementor-element-72635af e-con-full e-flex e-con e-child\" data-id=\"72635af\" data-element_type=\"container\" data-e-type=\"container\">\n\t\t\t\t<div class=\"elementor-element elementor-element-484e6e1 elementor-widget elementor-widget-elementskit-heading\" data-id=\"484e6e1\" data-element_type=\"widget\" data-e-type=\"widget\" data-widget_type=\"elementskit-heading.default\">\n\t\t\t\t<div class=\"elementor-widget-container\">\n\t\t\t\t\t<div class=\"ekit-wid-con\" ><div class=\"ekit-heading elementskit-section-title-wraper text_center   ekit_heading_tablet-   ekit_heading_mobile-\"><a href=\"\/an\/blog\/\"><h2 class=\"ekit-heading--title elementskit-section-title\">Blog de <span><span>Nacho Escartin<\/span><\/span><\/h2><\/a><div class=\"ekit_heading_separetor_wraper ekit_heading_elementskit-border-divider ekit-dotted\"><div class=\"elementskit-border-divider ekit-dotted\"><\/div><\/div><\/div><\/div>\t\t\t\t<\/div>\n\t\t\t\t<\/div>\n\t\t\t\t<\/div>\n\t\t\t\t<div class=\"elementor-element elementor-element-61da015 elementor-grid-eael-col-4 elementor-grid-tablet-eael-col-2 elementor-grid-mobile-eael-col-1 elementor-widget elementor-widget-eael-post-grid\" data-id=\"61da015\" data-element_type=\"widget\" data-e-type=\"widget\" data-settings=\"{&quot;eael_post_grid_columns&quot;:&quot;eael-col-4&quot;,&quot;eael_post_grid_columns_tablet&quot;:&quot;eael-col-2&quot;,&quot;eael_post_grid_columns_mobile&quot;:&quot;eael-col-1&quot;}\" data-widget_type=\"eael-post-grid.default\">\n\t\t\t\t<div class=\"elementor-widget-container\">\n\t\t\t\t\t<div id=\"eael-post-grid-61da015\" class=\"eael-post-grid-container\">\n            <div class=\"eael-post-grid eael-post-appender eael-post-appender-61da015 eael-post-grid-style-one\" data-layout-mode=\"masonry\"><article class=\"eael-grid-post  eael-post-grid-column eael-pg-post-3727 category-blog-formando tags-agricultura-agroecologia-alimentacion-cocina-formacion-justicia-alimentaria-mujeres-podcast-radio-recetas-rural-salud-zaragoza\" data-id=\"3727\">\n        <div class=\"eael-grid-post-holder\">\n            <div class=\"eael-grid-post-holder-inner\"><div class=\"eael-entry-media\"><div class=\"eael-entry-overlay fade-in\"><i class=\"fas fa-long-arrow-alt-right\" aria-hidden=\"true\"><\/i><a href=\"https:\/\/nachoescartin.es\/an\/podcast-cocinando-en-mi-pueblo-con-las-mujeres-de-villamayor\/\"><\/a><\/div><div class=\"eael-entry-thumbnail eael-image-ratio\">\n                <img fetchpriority=\"high\" decoding=\"async\" width=\"300\" height=\"203\" src=\"https:\/\/nachoescartin.es\/wp-content\/uploads\/2026\/04\/photo_2026-04-17_10-12-31-300x203.jpg\" class=\"attachment-medium size-medium wp-image-3728\" alt=\"\" srcset=\"https:\/\/nachoescartin.es\/wp-content\/uploads\/2026\/04\/photo_2026-04-17_10-12-31-300x203.jpg 300w, https:\/\/nachoescartin.es\/wp-content\/uploads\/2026\/04\/photo_2026-04-17_10-12-31-1024x692.jpg 1024w, https:\/\/nachoescartin.es\/wp-content\/uploads\/2026\/04\/photo_2026-04-17_10-12-31-768x519.jpg 768w, https:\/\/nachoescartin.es\/wp-content\/uploads\/2026\/04\/photo_2026-04-17_10-12-31-18x12.jpg 18w, https:\/\/nachoescartin.es\/wp-content\/uploads\/2026\/04\/photo_2026-04-17_10-12-31.jpg 1280w\" sizes=\"(max-width: 300px) 100vw, 300px\" \/>\n            <\/div>\n        <\/div><div class=\"eael-entry-wrapper\"><header class=\"eael-entry-header\"><h5 class=\"eael-entry-title\"><a class=\"eael-grid-post-link\" href=\"https:\/\/nachoescartin.es\/an\/podcast-cocinando-en-mi-pueblo-con-las-mujeres-de-villamayor\/\" title=\"Podcast \u00abCocinando en mi pueblo\u00bb con las mujeres de Villamayor\">Podcast \u00abCocinando en mi pueblo\u00bb con las mujeres de Villamayor<\/a><\/h5><\/header><div class=\"eael-entry-content\">\n                        <div class=\"eael-grid-post-excerpt\"><p>Ayer tuve la suerte de dinamizar una de las actividades...<\/p><a href=\"https:\/\/nachoescartin.es\/an\/podcast-cocinando-en-mi-pueblo-con-las-mujeres-de-villamayor\/\" class=\"eael-post-elements-readmore-btn\" target=\"_blank\">Leer m\u00e1s<\/a><\/div>\n                    <\/div><div class=\"eael-entry-footer\"><div class=\"eael-author-avatar\"><a href=\"https:\/\/nachoescartin.es\/an\/author\/laenredadera\/\"><img alt='laenredadera' src='https:\/\/secure.gravatar.com\/avatar\/bd24f8c532619d1440477511a2d6e4894fe9a406bbed9cc6a2cb7a175c176ce7?s=96&#038;d=mm&#038;r=g' srcset='https:\/\/secure.gravatar.com\/avatar\/bd24f8c532619d1440477511a2d6e4894fe9a406bbed9cc6a2cb7a175c176ce7?s=192&#038;d=mm&#038;r=g 2x' class='avatar avatar-96 photo' height='96' width='96' \/><\/a><\/div><div class=\"eael-entry-meta\"><span class=\"eael-posted-by\"><a href=\"https:\/\/nachoescartin.es\/an\/author\/laenredadera\/\" title=\"Posts by laenredadera\" rel=\"author\">laenredadera<\/a><\/span><span class=\"eael-posted-on\"><time datetime=\"April 17, 2026\">April 17, 2026<\/time><\/span><\/div><\/div><\/div><\/div>\n        <\/div>\n    <\/article><article class=\"eael-grid-post  eael-post-grid-column eael-pg-post-3721 category-blog-enredando tags-agricultura-agroecologia-biogas-2-biometano-charla-energia-2-ganaderia-ganaderia-industrial-residuos\" data-id=\"3721\">\n        <div class=\"eael-grid-post-holder\">\n            <div class=\"eael-grid-post-holder-inner\"><div class=\"eael-entry-media\"><div class=\"eael-entry-overlay fade-in\"><i class=\"fas fa-long-arrow-alt-right\" aria-hidden=\"true\"><\/i><a href=\"https:\/\/nachoescartin.es\/an\/este-martes-en-huesca-hablamos-de-biometano-y-ganaderia-industrial\/\"><\/a><\/div><div class=\"eael-entry-thumbnail eael-image-ratio\">\n                <img decoding=\"async\" width=\"212\" height=\"300\" src=\"https:\/\/nachoescartin.es\/wp-content\/uploads\/2026\/04\/26-04-Charla-biometano-y-ganaderia-industrial-212x300.jpg\" class=\"attachment-medium size-medium wp-image-3713\" alt=\"\" srcset=\"https:\/\/nachoescartin.es\/wp-content\/uploads\/2026\/04\/26-04-Charla-biometano-y-ganaderia-industrial-212x300.jpg 212w, https:\/\/nachoescartin.es\/wp-content\/uploads\/2026\/04\/26-04-Charla-biometano-y-ganaderia-industrial-724x1024.jpg 724w, https:\/\/nachoescartin.es\/wp-content\/uploads\/2026\/04\/26-04-Charla-biometano-y-ganaderia-industrial-768x1086.jpg 768w, https:\/\/nachoescartin.es\/wp-content\/uploads\/2026\/04\/26-04-Charla-biometano-y-ganaderia-industrial-8x12.jpg 8w, https:\/\/nachoescartin.es\/wp-content\/uploads\/2026\/04\/26-04-Charla-biometano-y-ganaderia-industrial.jpg 905w\" sizes=\"(max-width: 212px) 100vw, 212px\" \/>\n            <\/div>\n        <\/div><div class=\"eael-entry-wrapper\"><header class=\"eael-entry-header\"><h5 class=\"eael-entry-title\"><a class=\"eael-grid-post-link\" href=\"https:\/\/nachoescartin.es\/an\/este-martes-en-huesca-hablamos-de-biometano-y-ganaderia-industrial\/\" title=\"Este martes en Huesca hablamos de biometano y ganader\u00eda industrial\">Este martes en Huesca hablamos de biometano y ganader\u00eda industrial<\/a><\/h5><\/header><div class=\"eael-entry-content\">\n                        <div class=\"eael-grid-post-excerpt\"><p>Nos vemos este martes 14 de abril a las 19...<\/p><a href=\"https:\/\/nachoescartin.es\/an\/este-martes-en-huesca-hablamos-de-biometano-y-ganaderia-industrial\/\" class=\"eael-post-elements-readmore-btn\" target=\"_blank\">Leer m\u00e1s<\/a><\/div>\n                    <\/div><div class=\"eael-entry-footer\"><div class=\"eael-author-avatar\"><a href=\"https:\/\/nachoescartin.es\/an\/author\/laenredadera\/\"><img alt='laenredadera' src='https:\/\/secure.gravatar.com\/avatar\/bd24f8c532619d1440477511a2d6e4894fe9a406bbed9cc6a2cb7a175c176ce7?s=96&#038;d=mm&#038;r=g' srcset='https:\/\/secure.gravatar.com\/avatar\/bd24f8c532619d1440477511a2d6e4894fe9a406bbed9cc6a2cb7a175c176ce7?s=192&#038;d=mm&#038;r=g 2x' class='avatar avatar-96 photo' height='96' width='96' \/><\/a><\/div><div class=\"eael-entry-meta\"><span class=\"eael-posted-by\"><a href=\"https:\/\/nachoescartin.es\/an\/author\/laenredadera\/\" title=\"Posts by laenredadera\" rel=\"author\">laenredadera<\/a><\/span><span class=\"eael-posted-on\"><time datetime=\"April 13, 2026\">April 13, 2026<\/time><\/span><\/div><\/div><\/div><\/div>\n        <\/div>\n    <\/article><article class=\"eael-grid-post  eael-post-grid-column eael-pg-post-3712 category-blog-cultivando-formando tags-agricultura-antinuclear-biogas-biometano-clima-cultura-ecologistas-ecologistas-en-accion-encuentros-formacion-ganaderia-ganaderia-industrial-libros-metano-podcast-radio-trabajo\" data-id=\"3712\">\n        <div class=\"eael-grid-post-holder\">\n            <div class=\"eael-grid-post-holder-inner\"><div class=\"eael-entry-media\"><div class=\"eael-entry-overlay fade-in\"><i class=\"fas fa-long-arrow-alt-right\" aria-hidden=\"true\"><\/i><a href=\"https:\/\/nachoescartin.es\/an\/boletin-del-escartin-como-esperando-abril-%f0%9f%8c%b8\/\"><\/a><\/div><div class=\"eael-entry-thumbnail eael-image-ratio\">\n                <img decoding=\"async\" width=\"212\" height=\"300\" src=\"https:\/\/nachoescartin.es\/wp-content\/uploads\/2026\/04\/26-04-Charla-biometano-y-ganaderia-industrial-212x300.jpg\" class=\"attachment-medium size-medium wp-image-3713\" alt=\"\" srcset=\"https:\/\/nachoescartin.es\/wp-content\/uploads\/2026\/04\/26-04-Charla-biometano-y-ganaderia-industrial-212x300.jpg 212w, https:\/\/nachoescartin.es\/wp-content\/uploads\/2026\/04\/26-04-Charla-biometano-y-ganaderia-industrial-724x1024.jpg 724w, https:\/\/nachoescartin.es\/wp-content\/uploads\/2026\/04\/26-04-Charla-biometano-y-ganaderia-industrial-768x1086.jpg 768w, https:\/\/nachoescartin.es\/wp-content\/uploads\/2026\/04\/26-04-Charla-biometano-y-ganaderia-industrial-8x12.jpg 8w, https:\/\/nachoescartin.es\/wp-content\/uploads\/2026\/04\/26-04-Charla-biometano-y-ganaderia-industrial.jpg 905w\" sizes=\"(max-width: 212px) 100vw, 212px\" \/>\n            <\/div>\n        <\/div><div class=\"eael-entry-wrapper\"><header class=\"eael-entry-header\"><h5 class=\"eael-entry-title\"><a class=\"eael-grid-post-link\" href=\"https:\/\/nachoescartin.es\/an\/boletin-del-escartin-como-esperando-abril-%f0%9f%8c%b8\/\" title=\"Bolet\u00edn del Escart\u00edn: Como esperando abril \ud83c\udf38\">Bolet\u00edn del Escart\u00edn: Como esperando abril \ud83c\udf38<\/a><\/h5><\/header><div class=\"eael-entry-content\">\n                        <div class=\"eael-grid-post-excerpt\"><p>\u00a1Demos la bienvenida a la primavera! Frente a los tambores...<\/p><a href=\"https:\/\/nachoescartin.es\/an\/boletin-del-escartin-como-esperando-abril-%f0%9f%8c%b8\/\" class=\"eael-post-elements-readmore-btn\" target=\"_blank\">Leer m\u00e1s<\/a><\/div>\n                    <\/div><div class=\"eael-entry-footer\"><div class=\"eael-author-avatar\"><a href=\"https:\/\/nachoescartin.es\/an\/author\/laenredadera\/\"><img alt='laenredadera' src='https:\/\/secure.gravatar.com\/avatar\/bd24f8c532619d1440477511a2d6e4894fe9a406bbed9cc6a2cb7a175c176ce7?s=96&#038;d=mm&#038;r=g' srcset='https:\/\/secure.gravatar.com\/avatar\/bd24f8c532619d1440477511a2d6e4894fe9a406bbed9cc6a2cb7a175c176ce7?s=192&#038;d=mm&#038;r=g 2x' class='avatar avatar-96 photo' height='96' width='96' \/><\/a><\/div><div class=\"eael-entry-meta\"><span class=\"eael-posted-by\"><a href=\"https:\/\/nachoescartin.es\/an\/author\/laenredadera\/\" title=\"Posts by laenredadera\" rel=\"author\">laenredadera<\/a><\/span><span class=\"eael-posted-on\"><time datetime=\"April 8, 2026\">April 8, 2026<\/time><\/span><\/div><\/div><\/div><\/div>\n        <\/div>\n    <\/article><article class=\"eael-grid-post  eael-post-grid-column eael-pg-post-3706 category-blog-cultivando-enredando tags-agricultura-agroecologia-alimentacion-ecologia-feminismo-ganaderia-justicia-alimntaria-libro-mujeres-mundo-rural-pesca-rural-semillas-soberania-alimentaria\" data-id=\"3706\">\n        <div class=\"eael-grid-post-holder\">\n            <div class=\"eael-grid-post-holder-inner\"><div class=\"eael-entry-media\"><div class=\"eael-entry-overlay fade-in\"><i class=\"fas fa-long-arrow-alt-right\" aria-hidden=\"true\"><\/i><a href=\"https:\/\/nachoescartin.es\/an\/nosotras-somos-semilla-de-lucia-lopez-marco\/\"><\/a><\/div><div class=\"eael-entry-thumbnail eael-image-ratio\">\n                <img decoding=\"async\" width=\"300\" height=\"249\" src=\"https:\/\/nachoescartin.es\/wp-content\/uploads\/2026\/04\/26-04-Nosotras-somos-semilla-300x249.jpg\" class=\"attachment-medium size-medium wp-image-3707\" alt=\"\" srcset=\"https:\/\/nachoescartin.es\/wp-content\/uploads\/2026\/04\/26-04-Nosotras-somos-semilla-300x249.jpg 300w, https:\/\/nachoescartin.es\/wp-content\/uploads\/2026\/04\/26-04-Nosotras-somos-semilla-1024x850.jpg 1024w, https:\/\/nachoescartin.es\/wp-content\/uploads\/2026\/04\/26-04-Nosotras-somos-semilla-768x638.jpg 768w, https:\/\/nachoescartin.es\/wp-content\/uploads\/2026\/04\/26-04-Nosotras-somos-semilla-14x12.jpg 14w, https:\/\/nachoescartin.es\/wp-content\/uploads\/2026\/04\/26-04-Nosotras-somos-semilla.jpg 1280w\" sizes=\"(max-width: 300px) 100vw, 300px\" \/>\n            <\/div>\n        <\/div><div class=\"eael-entry-wrapper\"><header class=\"eael-entry-header\"><h5 class=\"eael-entry-title\"><a class=\"eael-grid-post-link\" href=\"https:\/\/nachoescartin.es\/an\/nosotras-somos-semilla-de-lucia-lopez-marco\/\" title=\"\u201cNosotras somos semilla\u201d de Luc\u00eda L\u00f3pez Marco\">\u201cNosotras somos semilla\u201d de Luc\u00eda L\u00f3pez Marco<\/a><\/h5><\/header><div class=\"eael-entry-content\">\n                        <div class=\"eael-grid-post-excerpt\"><p>\u201cEste libro busca ser oveja e ir esparciendo semillas\u201d. En...<\/p><a href=\"https:\/\/nachoescartin.es\/an\/nosotras-somos-semilla-de-lucia-lopez-marco\/\" class=\"eael-post-elements-readmore-btn\" target=\"_blank\">Leer m\u00e1s<\/a><\/div>\n                    <\/div><div class=\"eael-entry-footer\"><div class=\"eael-author-avatar\"><a href=\"https:\/\/nachoescartin.es\/an\/author\/laenredadera\/\"><img alt='laenredadera' src='https:\/\/secure.gravatar.com\/avatar\/bd24f8c532619d1440477511a2d6e4894fe9a406bbed9cc6a2cb7a175c176ce7?s=96&#038;d=mm&#038;r=g' srcset='https:\/\/secure.gravatar.com\/avatar\/bd24f8c532619d1440477511a2d6e4894fe9a406bbed9cc6a2cb7a175c176ce7?s=192&#038;d=mm&#038;r=g 2x' class='avatar avatar-96 photo' height='96' width='96' \/><\/a><\/div><div class=\"eael-entry-meta\"><span class=\"eael-posted-by\"><a href=\"https:\/\/nachoescartin.es\/an\/author\/laenredadera\/\" title=\"Posts by laenredadera\" rel=\"author\">laenredadera<\/a><\/span><span class=\"eael-posted-on\"><time datetime=\"April 2, 2026\">April 2, 2026<\/time><\/span><\/div><\/div><\/div><\/div>\n        <\/div>\n    <\/article><\/div>\n            <div class=\"clearfix\"><\/div>\n        <\/div>            <div class=\"eael-load-more-button-wrap eael-infinity-scroll\" data-offset=\"-200\">\n                <button class=\"eael-load-more-button\" id=\"eael-load-more-btn-61da015\" data-widget-id=\"61da015\" data-widget=\"61da015\" data-page-id=\"2691\" data-template=\"{&quot;dir&quot;:&quot;lite&quot;,&quot;file_name&quot;:&quot;one.php&quot;,&quot;name&quot;:&quot;Post-Grid&quot;}\" data-class=\"Essential_Addons_Elementor\\Elements\\Post_Grid\" data-layout=\"masonry\" data-page=\"1\" data-args=\"orderby=modified&amp;order=desc&amp;ignore_sticky_posts=1&amp;post_status=publish&amp;posts_per_page=4&amp;offset=0&amp;post_type=post\" data-max-page=\"85\">\n                    <span class=\"eael-btn-loader button__loader\"><\/span>\n                    <span class=\"eael_load_more_text\">Leer m\u00e1s<\/span>\n                <\/button>\n            <\/div>\n            \t\t\t\t<\/div>\n\t\t\t\t<\/div>\n\t\t\t\t\t<\/div>\n\t\t\t\t<\/div>\n\t\t<div class=\"elementor-element elementor-element-ac086b6 e-flex e-con-boxed e-con e-parent\" data-id=\"ac086b6\" data-element_type=\"container\" data-e-type=\"container\" data-settings=\"{&quot;background_background&quot;:&quot;classic&quot;}\">\n\t\t\t\t\t<div class=\"e-con-inner\">\n\t\t<div class=\"elementor-element elementor-element-9e7b58a e-con-full e-flex e-con e-child\" data-id=\"9e7b58a\" data-element_type=\"container\" data-e-type=\"container\">\n\t\t\t\t<div class=\"elementor-element elementor-element-59c10cd elementor-invisible elementor-widget elementor-widget-heading\" data-id=\"59c10cd\" data-element_type=\"widget\" data-e-type=\"widget\" data-settings=\"{&quot;_animation&quot;:&quot;fadeIn&quot;}\" data-widget_type=\"heading.default\">\n\t\t\t\t<div class=\"elementor-widget-container\">\n\t\t\t\t\t<h2 class=\"elementor-heading-title elementor-size-default\">Fe crexer o tuyo proyeuto con a m\u00eda aduya<\/h2>\t\t\t\t<\/div>\n\t\t\t\t<\/div>\n\t\t\t\t<div class=\"elementor-element elementor-element-6993b35 elementor-widget-divider--view-line elementor-invisible elementor-widget elementor-widget-divider\" data-id=\"6993b35\" data-element_type=\"widget\" data-e-type=\"widget\" data-settings=\"{&quot;_animation&quot;:&quot;fadeIn&quot;,&quot;_animation_delay&quot;:100}\" data-widget_type=\"divider.default\">\n\t\t\t\t<div class=\"elementor-widget-container\">\n\t\t\t\t\t\t\t<div class=\"elementor-divider\">\n\t\t\t<span class=\"elementor-divider-separator\">\n\t\t\t\t\t\t<\/span>\n\t\t<\/div>\n\t\t\t\t\t\t<\/div>\n\t\t\t\t<\/div>\n\t\t\t\t<div class=\"elementor-element elementor-element-a84e5d3 elementor-invisible elementor-widget elementor-widget-text-editor\" data-id=\"a84e5d3\" data-element_type=\"widget\" data-e-type=\"widget\" data-settings=\"{&quot;_animation&quot;:&quot;fadeIn&quot;,&quot;_animation_delay&quot;:200}\" data-widget_type=\"text-editor.default\">\n\t\t\t\t<div class=\"elementor-widget-container\">\n\t\t\t\t\t\t\t\t\t<p>\u00bfTe gustar\u00eda llevar tu proyecto al siguiente nivel? Cont\u00e1ctame y exploremos juntos nuevas posibilidades.<\/p>\t\t\t\t\t\t\t\t<\/div>\n\t\t\t\t<\/div>\n\t\t\t\t<div class=\"elementor-element elementor-element-6256114 elementor-invisible elementor-widget elementor-widget-button\" data-id=\"6256114\" data-element_type=\"widget\" data-e-type=\"widget\" data-settings=\"{&quot;_animation&quot;:&quot;fadeIn&quot;,&quot;_animation_delay&quot;:300}\" data-widget_type=\"button.default\">\n\t\t\t\t<div class=\"elementor-widget-container\">\n\t\t\t\t\t\t\t\t\t<div class=\"elementor-button-wrapper\">\n\t\t\t\t\t<a class=\"elementor-button elementor-button-link elementor-size-sm\" href=\"\/an\/contacto\/\">\n\t\t\t\t\t\t<span class=\"elementor-button-content-wrapper\">\n\t\t\t\t\t\t<span class=\"elementor-button-icon\">\n\t\t\t\t<i aria-hidden=\"true\" class=\"remixicon ri-chat-heart-fill\"><\/i>\t\t\t<\/span>\n\t\t\t\t\t\t\t\t\t<span class=\"elementor-button-text\">Contactar<\/span>\n\t\t\t\t\t<\/span>\n\t\t\t\t\t<\/a>\n\t\t\t\t<\/div>\n\t\t\t\t\t\t\t\t<\/div>\n\t\t\t\t<\/div>\n\t\t\t\t<\/div>\n\t\t\t\t\t<\/div>\n\t\t\t\t<\/div>\n\t\t\t\t<\/div>","protected":false},"excerpt":{"rendered":"<p>El blog de Nacho Escart\u00edn Hablando de t\u00fa a t\u00fa Reflexiones y propuestas Sobre m\u00ed Blog de Nacho Escartin \u00a1Por [&hellip;]<\/p>\n","protected":false},"author":1,"featured_media":0,"parent":0,"menu_order":0,"comment_status":"closed","ping_status":"closed","template":"","meta":{"site-sidebar-layout":"no-sidebar","site-content-layout":"page-builder","ast-site-content-layout":"full-width-container","site-content-style":"unboxed","site-sidebar-style":"unboxed","ast-global-header-display":"","ast-banner-title-visibility":"","ast-main-header-display":"","ast-hfb-above-header-display":"","ast-hfb-below-header-display":"","ast-hfb-mobile-header-display":"","site-post-title":"disabled","ast-breadcrumbs-content":"","ast-featured-img":"disabled","footer-sml-layout":"","ast-disable-related-posts":"","theme-transparent-header-meta":"enabled","adv-header-id-meta":"","stick-header-meta":"","header-above-stick-meta":"","header-main-stick-meta":"","header-below-stick-meta":"","astra-migrate-meta-layouts":"set","ast-page-background-enabled":"default","ast-page-background-meta":{"desktop":{"background-color":"","background-image":"","background-repeat":"repeat","background-position":"center center","background-size":"auto","background-attachment":"scroll","background-type":"","background-media":"","overlay-type":"","overlay-color":"","overlay-opacity":"","overlay-gradient":""},"tablet":{"background-color":"","background-image":"","background-repeat":"repeat","background-position":"center center","background-size":"auto","background-attachment":"scroll","background-type":"","background-media":"","overlay-type":"","overlay-color":"","overlay-opacity":"","overlay-gradient":""},"mobile":{"background-color":"","background-image":"","background-repeat":"repeat","background-position":"center center","background-size":"auto","background-attachment":"scroll","background-type":"","background-media":"","overlay-type":"","overlay-color":"","overlay-opacity":"","overlay-gradient":""}},"ast-content-background-meta":{"desktop":{"background-color":"var(--ast-global-color-5)","background-image":"","background-repeat":"repeat","background-position":"center center","background-size":"auto","background-attachment":"scroll","background-type":"","background-media":"","overlay-type":"","overlay-color":"","overlay-opacity":"","overlay-gradient":""},"tablet":{"background-color":"var(--ast-global-color-5)","background-image":"","background-repeat":"repeat","background-position":"center center","background-size":"auto","background-attachment":"scroll","background-type":"","background-media":"","overlay-type":"","overlay-color":"","overlay-opacity":"","overlay-gradient":""},"mobile":{"background-color":"var(--ast-global-color-5)","background-image":"","background-repeat":"repeat","background-position":"center center","background-size":"auto","background-attachment":"scroll","background-type":"","background-media":"","overlay-type":"","overlay-color":"","overlay-opacity":"","overlay-gradient":""}},"_joinchat":[],"footnotes":""},"class_list":["post-2691","page","type-page","status-publish","hentry"],"_links":{"self":[{"href":"https:\/\/nachoescartin.es\/an\/wp-json\/wp\/v2\/pages\/2691","targetHints":{"allow":["GET"]}}],"collection":[{"href":"https:\/\/nachoescartin.es\/an\/wp-json\/wp\/v2\/pages"}],"about":[{"href":"https:\/\/nachoescartin.es\/an\/wp-json\/wp\/v2\/types\/page"}],"author":[{"embeddable":true,"href":"https:\/\/nachoescartin.es\/an\/wp-json\/wp\/v2\/users\/1"}],"replies":[{"embeddable":true,"href":"https:\/\/nachoescartin.es\/an\/wp-json\/wp\/v2\/comments?post=2691"}],"version-history":[{"count":47,"href":"https:\/\/nachoescartin.es\/an\/wp-json\/wp\/v2\/pages\/2691\/revisions"}],"predecessor-version":[{"id":3379,"href":"https:\/\/nachoescartin.es\/an\/wp-json\/wp\/v2\/pages\/2691\/revisions\/3379"}],"wp:attachment":[{"href":"https:\/\/nachoescartin.es\/an\/wp-json\/wp\/v2\/media?parent=2691"}],"curies":[{"name":"wp","href":"https:\/\/api.w.org\/{rel}","templated":true}]}}